{"id":213805,"date":"2025-12-18T12:55:48","date_gmt":"2025-12-18T12:55:48","guid":{"rendered":"https:\/\/www.actcom.dk\/?post_type=product&#038;p=213805"},"modified":"2025-12-19T19:43:57","modified_gmt":"2025-12-19T19:43:57","slug":"webtermometer-ntc","status":"publish","type":"product","link":"https:\/\/www.actcom.dk\/da\/web-shop\/webtermometer-ntc\/","title":{"rendered":"Webtermometer NTC"},"content":{"rendered":"<h2>M\u00e5l, log og rapporter&#8230;<\/h2>\n<p>Webtermometeret er en m\u00e5leenhed, der overv\u00e5ger <em>temperaturer<\/em> og g\u00f8r v\u00e6rdierne tilg\u00e6ngelige i netv\u00e6rket. Apparatet har en integreret datalogger og talrige web- og netv\u00e6rkstjenester til manuelle foresp\u00f8rgsler om m\u00e5lingerne eller til selvst\u00e6ndig afsendelse af meddelelser. <\/p>\n","protected":false},"excerpt":{"rendered":"<p>NYHED: Web-Thermograph NTC tilbyder alt, hvad du beh\u00f8ver for at forbinde en temperatursensor til computernetv\u00e6rket.<\/p>\n","protected":false},"featured_media":213902,"comment_status":"closed","ping_status":"closed","template":"","meta":{"_acf_changed":false},"pwb-brand":[518],"product_brand":[],"product_cat":[221],"product_tag":[637],"class_list":{"0":"post-213805","1":"product","2":"type-product","3":"status-publish","4":"has-post-thumbnail","6":"pwb-brand-wiesemann-theis-gmbh-da","7":"product_cat-web-io-temperature","8":"product_tag-temperatur","10":"first","11":"instock","12":"taxable","13":"shipping-taxable","14":"purchasable","15":"product-type-simple"},"acf":[],"yoast_head":"<!-- This site is optimized with the Yoast SEO Premium plugin v27.4 (Yoast SEO v27.4) - https:\/\/yoast.com\/product\/yoast-seo-premium-wordpress\/ -->\n<title>.<\/title>\n<meta name=\"description\" content=\"Webtermometeret er en m\u00e5leenhed, som overv\u00e5ger temperaturer og g\u00f8r v\u00e6rdierne tilg\u00e6ngelige i netv\u00e6rket. Integreret datalogger.\" \/>\n<meta name=\"robots\" content=\"index, follow, max-snippet:-1, max-image-preview:large, max-video-preview:-1\" \/>\n<link rel=\"canonical\" href=\"https:\/\/www.actcom.dk\/da\/web-shop\/webtermometer-ntc\/\" \/>\n<meta property=\"og:locale\" content=\"da_DK\" \/>\n<meta property=\"og:type\" content=\"article\" \/>\n<meta property=\"og:title\" content=\"Webtermometer NTC\" \/>\n<meta property=\"og:description\" content=\"Webtermometeret er en m\u00e5leenhed, som overv\u00e5ger temperaturer og g\u00f8r v\u00e6rdierne tilg\u00e6ngelige i netv\u00e6rket. Integreret datalogger.\" \/>\n<meta property=\"og:url\" content=\"https:\/\/www.actcom.dk\/da\/web-shop\/webtermometer-ntc\/\" \/>\n<meta property=\"og:site_name\" content=\"actcom\" \/>\n<meta property=\"article:modified_time\" content=\"2025-12-19T19:43:57+00:00\" \/>\n<meta property=\"og:image\" content=\"https:\/\/www.actcom.dk\/wp-content\/uploads\/2025\/12\/e-57114-11-piww-000-1-scaled-e1766151557614.png\" \/>\n\t<meta property=\"og:image:width\" content=\"1024\" \/>\n\t<meta property=\"og:image:height\" content=\"735\" \/>\n\t<meta property=\"og:image:type\" content=\"image\/png\" \/>\n<meta name=\"twitter:card\" content=\"summary_large_image\" \/>\n<meta name=\"twitter:label1\" content=\"Pris\" \/>\n\t<meta name=\"twitter:data1\" content=\"2.160,00&nbsp;kr.\" \/>\n\t<meta name=\"twitter:label2\" content=\"Tilg\u00e6ngelighed\" \/>\n\t<meta name=\"twitter:data2\" content=\"P\u00e5 lager\" \/>\n<script type=\"application\/ld+json\" class=\"yoast-schema-graph\">{\"@context\":\"https:\\\/\\\/schema.org\",\"@graph\":[{\"@type\":\"WebPage\",\"@id\":\"https:\\\/\\\/www.actcom.dk\\\/da\\\/web-shop\\\/webtermometer-ntc\\\/\",\"url\":\"https:\\\/\\\/www.actcom.dk\\\/da\\\/web-shop\\\/webtermometer-ntc\\\/\",\"name\":\".\",\"isPartOf\":{\"@id\":\"https:\\\/\\\/www.actcom.dk\\\/da\\\/#website\"},\"primaryImageOfPage\":{\"@id\":\"https:\\\/\\\/www.actcom.dk\\\/da\\\/web-shop\\\/webtermometer-ntc\\\/#primaryimage\"},\"image\":{\"@id\":\"https:\\\/\\\/www.actcom.dk\\\/da\\\/web-shop\\\/webtermometer-ntc\\\/#primaryimage\"},\"thumbnailUrl\":\"https:\\\/\\\/www.actcom.dk\\\/wp-content\\\/uploads\\\/2025\\\/12\\\/e-57114-11-piww-000-1-scaled-e1766151557614.png\",\"datePublished\":\"2025-12-18T12:55:48+00:00\",\"dateModified\":\"2025-12-19T19:43:57+00:00\",\"description\":\"Webtermometeret er en m\u00e5leenhed, som overv\u00e5ger temperaturer og g\u00f8r v\u00e6rdierne tilg\u00e6ngelige i netv\u00e6rket. Integreret datalogger.\",\"breadcrumb\":{\"@id\":\"https:\\\/\\\/www.actcom.dk\\\/da\\\/web-shop\\\/webtermometer-ntc\\\/#breadcrumb\"},\"inLanguage\":\"da-DK\",\"potentialAction\":[{\"@type\":\"ReadAction\",\"target\":[\"https:\\\/\\\/www.actcom.dk\\\/da\\\/web-shop\\\/webtermometer-ntc\\\/\"]}]},{\"@type\":\"ImageObject\",\"inLanguage\":\"da-DK\",\"@id\":\"https:\\\/\\\/www.actcom.dk\\\/da\\\/web-shop\\\/webtermometer-ntc\\\/#primaryimage\",\"url\":\"https:\\\/\\\/www.actcom.dk\\\/wp-content\\\/uploads\\\/2025\\\/12\\\/e-57114-11-piww-000-1-scaled-e1766151557614.png\",\"contentUrl\":\"https:\\\/\\\/www.actcom.dk\\\/wp-content\\\/uploads\\\/2025\\\/12\\\/e-57114-11-piww-000-1-scaled-e1766151557614.png\",\"width\":1024,\"height\":735,\"caption\":\"Webtermometer NTC\"},{\"@type\":\"BreadcrumbList\",\"@id\":\"https:\\\/\\\/www.actcom.dk\\\/da\\\/web-shop\\\/webtermometer-ntc\\\/#breadcrumb\",\"itemListElement\":[{\"@type\":\"ListItem\",\"position\":1,\"name\":\"Home\",\"item\":\"https:\\\/\\\/www.actcom.dk\\\/da\\\/\"},{\"@type\":\"ListItem\",\"position\":2,\"name\":\"Webshop\",\"item\":\"https:\\\/\\\/www.actcom.dk\\\/shop\\\/\"},{\"@type\":\"ListItem\",\"position\":3,\"name\":\"Webtermometer NTC\"}]},{\"@type\":\"WebSite\",\"@id\":\"https:\\\/\\\/www.actcom.dk\\\/da\\\/#website\",\"url\":\"https:\\\/\\\/www.actcom.dk\\\/da\\\/\",\"name\":\"actcom\",\"description\":\"\",\"publisher\":{\"@id\":\"https:\\\/\\\/www.actcom.dk\\\/da\\\/#organization\"},\"potentialAction\":[{\"@type\":\"SearchAction\",\"target\":{\"@type\":\"EntryPoint\",\"urlTemplate\":\"https:\\\/\\\/www.actcom.dk\\\/da\\\/?s={search_term_string}\"},\"query-input\":{\"@type\":\"PropertyValueSpecification\",\"valueRequired\":true,\"valueName\":\"search_term_string\"}}],\"inLanguage\":\"da-DK\"},{\"@type\":\"Organization\",\"@id\":\"https:\\\/\\\/www.actcom.dk\\\/da\\\/#organization\",\"name\":\"actcom\",\"url\":\"https:\\\/\\\/www.actcom.dk\\\/da\\\/\",\"logo\":{\"@type\":\"ImageObject\",\"inLanguage\":\"da-DK\",\"@id\":\"https:\\\/\\\/www.actcom.dk\\\/da\\\/#\\\/schema\\\/logo\\\/image\\\/\",\"url\":\"https:\\\/\\\/www.actcom.dk\\\/wp-content\\\/uploads\\\/2023\\\/07\\\/atcomlogo.png\",\"contentUrl\":\"https:\\\/\\\/www.actcom.dk\\\/wp-content\\\/uploads\\\/2023\\\/07\\\/atcomlogo.png\",\"width\":215,\"height\":68,\"caption\":\"actcom\"},\"image\":{\"@id\":\"https:\\\/\\\/www.actcom.dk\\\/da\\\/#\\\/schema\\\/logo\\\/image\\\/\"}}]}<\/script>\n<meta property=\"product:price:amount\" content=\"2160.00\" \/>\n<meta property=\"product:price:currency\" content=\"DKK\" \/>\n<meta property=\"og:availability\" content=\"instock\" \/>\n<meta property=\"product:availability\" content=\"instock\" \/>\n<meta property=\"product:retailer_item_id\" content=\"WT57114\" \/>\n<meta property=\"product:condition\" content=\"new\" \/>\n<!-- \/ Yoast SEO Premium plugin. -->","yoast_head_json":{"title":".","description":"Webtermometeret er en m\u00e5leenhed, som overv\u00e5ger temperaturer og g\u00f8r v\u00e6rdierne tilg\u00e6ngelige i netv\u00e6rket. Integreret datalogger.","robots":{"index":"index","follow":"follow","max-snippet":"max-snippet:-1","max-image-preview":"max-image-preview:large","max-video-preview":"max-video-preview:-1"},"canonical":"https:\/\/www.actcom.dk\/da\/web-shop\/webtermometer-ntc\/","og_locale":"da_DK","og_type":"article","og_title":"Webtermometer NTC","og_description":"Webtermometeret er en m\u00e5leenhed, som overv\u00e5ger temperaturer og g\u00f8r v\u00e6rdierne tilg\u00e6ngelige i netv\u00e6rket. Integreret datalogger.","og_url":"https:\/\/www.actcom.dk\/da\/web-shop\/webtermometer-ntc\/","og_site_name":"actcom","article_modified_time":"2025-12-19T19:43:57+00:00","og_image":[{"width":1024,"height":735,"url":"https:\/\/www.actcom.dk\/wp-content\/uploads\/2025\/12\/e-57114-11-piww-000-1-scaled-e1766151557614.png","type":"image\/png"}],"twitter_card":"summary_large_image","twitter_misc":{"Pris":"2.160,00&nbsp;kr.","Tilg\u00e6ngelighed":"P\u00e5 lager"},"schema":{"@context":"https:\/\/schema.org","@graph":[{"@type":"WebPage","@id":"https:\/\/www.actcom.dk\/da\/web-shop\/webtermometer-ntc\/","url":"https:\/\/www.actcom.dk\/da\/web-shop\/webtermometer-ntc\/","name":".","isPartOf":{"@id":"https:\/\/www.actcom.dk\/da\/#website"},"primaryImageOfPage":{"@id":"https:\/\/www.actcom.dk\/da\/web-shop\/webtermometer-ntc\/#primaryimage"},"image":{"@id":"https:\/\/www.actcom.dk\/da\/web-shop\/webtermometer-ntc\/#primaryimage"},"thumbnailUrl":"https:\/\/www.actcom.dk\/wp-content\/uploads\/2025\/12\/e-57114-11-piww-000-1-scaled-e1766151557614.png","datePublished":"2025-12-18T12:55:48+00:00","dateModified":"2025-12-19T19:43:57+00:00","description":"Webtermometeret er en m\u00e5leenhed, som overv\u00e5ger temperaturer og g\u00f8r v\u00e6rdierne tilg\u00e6ngelige i netv\u00e6rket. Integreret datalogger.","breadcrumb":{"@id":"https:\/\/www.actcom.dk\/da\/web-shop\/webtermometer-ntc\/#breadcrumb"},"inLanguage":"da-DK","potentialAction":[{"@type":"ReadAction","target":["https:\/\/www.actcom.dk\/da\/web-shop\/webtermometer-ntc\/"]}]},{"@type":"ImageObject","inLanguage":"da-DK","@id":"https:\/\/www.actcom.dk\/da\/web-shop\/webtermometer-ntc\/#primaryimage","url":"https:\/\/www.actcom.dk\/wp-content\/uploads\/2025\/12\/e-57114-11-piww-000-1-scaled-e1766151557614.png","contentUrl":"https:\/\/www.actcom.dk\/wp-content\/uploads\/2025\/12\/e-57114-11-piww-000-1-scaled-e1766151557614.png","width":1024,"height":735,"caption":"Webtermometer NTC"},{"@type":"BreadcrumbList","@id":"https:\/\/www.actcom.dk\/da\/web-shop\/webtermometer-ntc\/#breadcrumb","itemListElement":[{"@type":"ListItem","position":1,"name":"Home","item":"https:\/\/www.actcom.dk\/da\/"},{"@type":"ListItem","position":2,"name":"Webshop","item":"https:\/\/www.actcom.dk\/shop\/"},{"@type":"ListItem","position":3,"name":"Webtermometer NTC"}]},{"@type":"WebSite","@id":"https:\/\/www.actcom.dk\/da\/#website","url":"https:\/\/www.actcom.dk\/da\/","name":"actcom","description":"","publisher":{"@id":"https:\/\/www.actcom.dk\/da\/#organization"},"potentialAction":[{"@type":"SearchAction","target":{"@type":"EntryPoint","urlTemplate":"https:\/\/www.actcom.dk\/da\/?s={search_term_string}"},"query-input":{"@type":"PropertyValueSpecification","valueRequired":true,"valueName":"search_term_string"}}],"inLanguage":"da-DK"},{"@type":"Organization","@id":"https:\/\/www.actcom.dk\/da\/#organization","name":"actcom","url":"https:\/\/www.actcom.dk\/da\/","logo":{"@type":"ImageObject","inLanguage":"da-DK","@id":"https:\/\/www.actcom.dk\/da\/#\/schema\/logo\/image\/","url":"https:\/\/www.actcom.dk\/wp-content\/uploads\/2023\/07\/atcomlogo.png","contentUrl":"https:\/\/www.actcom.dk\/wp-content\/uploads\/2023\/07\/atcomlogo.png","width":215,"height":68,"caption":"actcom"},"image":{"@id":"https:\/\/www.actcom.dk\/da\/#\/schema\/logo\/image\/"}}]},"product_price_amount":"2160.00","product_price_currency":"DKK","og_availability":"instock","product_availability":"instock","product_retailer_item_id":"WT57114","product_condition":"new"},"brands":[{"id":518,"name":"Wiesemann &amp; Theis GmbH","slug":"wiesemann-theis-gmbh-da"}],"_links":{"self":[{"href":"https:\/\/www.actcom.dk\/da\/wp-json\/wp\/v2\/product\/213805","targetHints":{"allow":["GET"]}}],"collection":[{"href":"https:\/\/www.actcom.dk\/da\/wp-json\/wp\/v2\/product"}],"about":[{"href":"https:\/\/www.actcom.dk\/da\/wp-json\/wp\/v2\/types\/product"}],"replies":[{"embeddable":true,"href":"https:\/\/www.actcom.dk\/da\/wp-json\/wp\/v2\/comments?post=213805"}],"version-history":[{"count":5,"href":"https:\/\/www.actcom.dk\/da\/wp-json\/wp\/v2\/product\/213805\/revisions"}],"predecessor-version":[{"id":213990,"href":"https:\/\/www.actcom.dk\/da\/wp-json\/wp\/v2\/product\/213805\/revisions\/213990"}],"wp:featuredmedia":[{"embeddable":true,"href":"https:\/\/www.actcom.dk\/da\/wp-json\/wp\/v2\/media\/213902"}],"wp:attachment":[{"href":"https:\/\/www.actcom.dk\/da\/wp-json\/wp\/v2\/media?parent=213805"}],"wp:term":[{"taxonomy":"pwb-brand","embeddable":true,"href":"https:\/\/www.actcom.dk\/da\/wp-json\/wp\/v2\/pwb-brand?post=213805"},{"taxonomy":"product_brand","embeddable":true,"href":"https:\/\/www.actcom.dk\/da\/wp-json\/wp\/v2\/product_brand?post=213805"},{"taxonomy":"product_cat","embeddable":true,"href":"https:\/\/www.actcom.dk\/da\/wp-json\/wp\/v2\/product_cat?post=213805"},{"taxonomy":"product_tag","embeddable":true,"href":"https:\/\/www.actcom.dk\/da\/wp-json\/wp\/v2\/product_tag?post=213805"}],"curies":[{"name":"wp","href":"https:\/\/api.w.org\/{rel}","templated":true}]}}